{"id":4964,"date":"2021-12-06T11:42:09","date_gmt":"2021-12-06T10:42:09","guid":{"rendered":"https:\/\/chac.ch\/?page_id=4964"},"modified":"2026-01-27T09:46:58","modified_gmt":"2026-01-27T08:46:58","slug":"impressum","status":"publish","type":"page","link":"https:\/\/www.ambassadorclub.org\/landing\/impressum\/","title":{"rendered":"Impressum"},"content":{"rendered":"<div class=\"wpb-content-wrapper\"><p>[vc_row][vc_column][vc_column_text css=&#187;&#187;]<strong>Gegr\u00fcndet<\/strong><br \/>\n31. 08. 1956 mit Sitz in Bern\/CH<\/p>\n<p>Postadresse und vertretungsberechtigt<\/p>\n<p><strong>Sekretariat IAC<\/strong><br \/>\nMario Delvecchio<br \/>\nFeldstrasse 17<br \/>\nCH-5412 Gebenstorf<br \/>\nT: +41 79 316 22 59<br \/>\nE-Mail:&nbsp;<a class=\"navtop\" href=\"mailto:secretary-iac@ambassadorclub.org\">Sekret\u00e4r IAC<\/a><\/p>\n<p><strong>Haftungshinweis<\/strong><br \/>\nTrotz sorgf\u00e4ltiger inhaltlicher Kontrolle \u00fcbernehmen wir keine Haftung f\u00fcr die Inhalte externer Links.<br \/>\nF\u00fcr den Inhalt der verlinkten Seiten sind ausschliesslich deren Betreiber verantwortlich.[\/vc_column_text][\/vc_column][\/vc_row]<\/p>\n<\/div>","protected":false},"excerpt":{"rendered":"<p>[vc_row][vc_column][vc_column_text css=&#187;&#187;]Gegr\u00fcndet 31. 08. 1956 mit Sitz in Bern\/CH Postadresse und vertretungsberechtigt Sekretariat IAC Mario Delvecchio Feldstrasse 17 CH-5412 Gebenstorf T: +41 79 316 22 59 E-Mail:&nbsp;Sekret\u00e4r IAC Haftungshinweis Trotz sorgf\u00e4ltiger inhaltlicher Kontrolle \u00fcbernehmen wir keine Haftung f\u00fcr die Inhalte externer Links. F\u00fcr den Inhalt der verlinkten Seiten sind ausschliesslich deren Betreiber verantwortlich.[\/vc_column_text][\/vc_column][\/vc_row]<\/p>\n","protected":false},"author":2,"featured_media":0,"parent":0,"menu_order":0,"comment_status":"closed","ping_status":"closed","template":"","meta":{"_acf_changed":false,"footnotes":""},"class_list":["post-4964","page","type-page","status-publish","hentry"],"acf":[],"_links":{"self":[{"href":"https:\/\/www.ambassadorclub.org\/landing\/wp-json\/wp\/v2\/pages\/4964","targetHints":{"allow":["GET"]}}],"collection":[{"href":"https:\/\/www.ambassadorclub.org\/landing\/wp-json\/wp\/v2\/pages"}],"about":[{"href":"https:\/\/www.ambassadorclub.org\/landing\/wp-json\/wp\/v2\/types\/page"}],"author":[{"embeddable":true,"href":"https:\/\/www.ambassadorclub.org\/landing\/wp-json\/wp\/v2\/users\/2"}],"replies":[{"embeddable":true,"href":"https:\/\/www.ambassadorclub.org\/landing\/wp-json\/wp\/v2\/comments?post=4964"}],"version-history":[{"count":4,"href":"https:\/\/www.ambassadorclub.org\/landing\/wp-json\/wp\/v2\/pages\/4964\/revisions"}],"predecessor-version":[{"id":5068,"href":"https:\/\/www.ambassadorclub.org\/landing\/wp-json\/wp\/v2\/pages\/4964\/revisions\/5068"}],"wp:attachment":[{"href":"https:\/\/www.ambassadorclub.org\/landing\/wp-json\/wp\/v2\/media?parent=4964"}],"curies":[{"name":"wp","href":"https:\/\/api.w.org\/{rel}","templated":true}]}}